{"id":129,"date":"2024-04-09T15:07:28","date_gmt":"2024-04-09T13:07:28","guid":{"rendered":"https:\/\/wp.raisch-elektro.de\/?page_id=129"},"modified":"2026-03-30T17:00:35","modified_gmt":"2026-03-30T15:00:35","slug":"telefon","status":"publish","type":"page","link":"https:\/\/wp.raisch-elektro.de\/index.php\/willkommen\/kommunikationstechnik\/telefon\/","title":{"rendered":"Telefon"},"content":{"rendered":"\n<figure itemscope itemtype=\"https:\/\/schema.org\/ImageObject\">\n\t\t\t\t<img decoding=\"async\" src=\"https:\/\/wp.raisch-elektro.de\/wp-content\/uploads\/2024\/04\/Telefonanlage.jpg\" alt=\"Telefonanlage\" height=\"198\" width=\"694\" title=\"Telefonanlage\" onerror=\"this.style.display='none'\" loading=\"lazy\" \/>\n\t<\/figure>\n<h1>Telefonanlagen<\/h1>\n<p>Wir bieten Ihnen eine einfache L\u00f6sungen zur Anbindung von Telefon und Fax an ISDN- Anschl\u00fcsse durch AGFEO Telefonanlagen, wobei bis zu 80 Teilnehmer m\u00f6glich sind.<\/p>\n<p>Diese Anlagen bieten viele Vorteile wie zum Beispiel eine einfache Programmierung, ein zentrales Telefonbuch, Rufumleitungen, Wartemusik, T\u00fcrfreisprecheinrichtung, Kostenlimit und eine Weckfunktion.<\/p>\n<p>Weitere Informationen erhalten Sie auf\u00a0<a href=\"http:\/\/www.agfeo.de\/agfeo_web\/hp3.nsf\/lu\/1399\" target=\"_blank\" rel=\"noopener\">http:\/\/www.agfeo.de\/agfeo_web\/hp3.nsf\/lu\/1399<\/a><\/p>\n<figure itemscope itemtype=\"https:\/\/schema.org\/ImageObject\">\n\t\t\t\t<img decoding=\"async\" src=\"https:\/\/wp.raisch-elektro.de\/wp-content\/plugins\/beaver-builder-lite-version\/img\/pixel.png\" alt=\"\" onerror=\"this.style.display='none'\" loading=\"lazy\" \/>\n\t<\/figure>\n\n","protected":false},"excerpt":{"rendered":"<p>Telefonanlagen Wir bieten Ihnen eine einfache L\u00f6sungen zur Anbindung von Telefon und Fax an ISDN- Anschl\u00fcsse durch AGFEO Telefonanlagen, wobei bis zu 80 Teilnehmer m\u00f6glich sind. Diese Anlagen bieten viele Vorteile wie zum Beispiel eine einfache Programmierung, ein zentrales Telefonbuch, Rufumleitungen, Wartemusik, T\u00fcrfreisprecheinrichtung, Kostenlimit und eine Weckfunktion. Weitere Informationen erhalten Sie auf\u00a0http:\/\/www.agfeo.de\/agfeo_web\/hp3.nsf\/lu\/1399<\/p>\n","protected":false},"author":1,"featured_media":0,"parent":57,"menu_order":1,"comment_status":"closed","ping_status":"closed","template":"","meta":{"footnotes":""},"class_list":["post-129","page","type-page","status-publish","hentry"],"_links":{"self":[{"href":"https:\/\/wp.raisch-elektro.de\/index.php\/wp-json\/wp\/v2\/pages\/129","targetHints":{"allow":["GET"]}}],"collection":[{"href":"https:\/\/wp.raisch-elektro.de\/index.php\/wp-json\/wp\/v2\/pages"}],"about":[{"href":"https:\/\/wp.raisch-elektro.de\/index.php\/wp-json\/wp\/v2\/types\/page"}],"author":[{"embeddable":true,"href":"https:\/\/wp.raisch-elektro.de\/index.php\/wp-json\/wp\/v2\/users\/1"}],"replies":[{"embeddable":true,"href":"https:\/\/wp.raisch-elektro.de\/index.php\/wp-json\/wp\/v2\/comments?post=129"}],"version-history":[{"count":10,"href":"https:\/\/wp.raisch-elektro.de\/index.php\/wp-json\/wp\/v2\/pages\/129\/revisions"}],"predecessor-version":[{"id":614,"href":"https:\/\/wp.raisch-elektro.de\/index.php\/wp-json\/wp\/v2\/pages\/129\/revisions\/614"}],"up":[{"embeddable":true,"href":"https:\/\/wp.raisch-elektro.de\/index.php\/wp-json\/wp\/v2\/pages\/57"}],"wp:attachment":[{"href":"https:\/\/wp.raisch-elektro.de\/index.php\/wp-json\/wp\/v2\/media?parent=129"}],"curies":[{"name":"wp","href":"https:\/\/api.w.org\/{rel}","templated":true}]}}