{"id":149,"date":"2024-04-09T16:51:51","date_gmt":"2024-04-09T14:51:51","guid":{"rendered":"https:\/\/wp.raisch-elektro.de\/?page_id=149"},"modified":"2026-03-30T17:00:50","modified_gmt":"2026-03-30T15:00:50","slug":"datennetzwerktechnik","status":"publish","type":"page","link":"https:\/\/wp.raisch-elektro.de\/index.php\/willkommen\/kommunikationstechnik\/datennetzwerktechnik\/","title":{"rendered":"Datennetzwerktechnik"},"content":{"rendered":"\n<figure itemscope itemtype=\"https:\/\/schema.org\/ImageObject\">\n\t\t\t\t<img decoding=\"async\" src=\"https:\/\/wp.raisch-elektro.de\/wp-content\/uploads\/2024\/04\/Datentechnik.jpg\" alt=\"Datentechnik\" height=\"198\" width=\"694\" title=\"Datentechnik\" onerror=\"this.style.display='none'\" loading=\"lazy\" \/>\n\t<\/figure>\n<h1>Datennetzwerktechnik<\/h1>\n<p>Auch im privaten Bereich gewinnt die Netzwerktechnik immer mehr an Bedeutung. Sie macht die unsichere und nicht immer voll funktionsf\u00e4hige Funkverbindung \u00fcberfl\u00fcssig. Lassen Sie sich deshalb eine Netzwerkverkabelung installieren, damit Sie mehr Komfort durch eine sichere und schnelle Daten\u00fcbertragung genie\u00dfen k\u00f6nnen.<\/p>\n<p>Es gibt bereits Entwicklungen, sodass \u00fcber das Netzwerk nicht nur Computerdaten im engeren Sinn, sondern auch andere Daten \u00fcbertragen werden k\u00f6nnen. Neben dem Internet f\u00fcr Ihren Computer k\u00f6nnen Sie zum Beispiel Filme im ganzen Haus \u00fcber einen zentralen Medienserver anschauen. Fernsehen kann auch schon \u00fcber das Internet bezogen werden, wozu ein Netzwerkanschluss in der N\u00e4he der des Fernsehers n\u00f6tig ist.<\/p>\n<figure itemscope itemtype=\"https:\/\/schema.org\/ImageObject\">\n\t\t\t\t<img decoding=\"async\" src=\"https:\/\/wp.raisch-elektro.de\/wp-content\/uploads\/2024\/04\/Datentechnikunten1-300x164.jpg\" alt=\"Streckdose Computeranschluss\u00a9 Matthias B\u00fchner\" height=\"164\" width=\"300\" title=\"Streckdose Computeranschluss\u00a9 Matthias B\u00fchner\" onerror=\"this.style.display='none'\" loading=\"lazy\" \/>\n\t<\/figure>\n\n","protected":false},"excerpt":{"rendered":"<p>Datennetzwerktechnik Auch im privaten Bereich gewinnt die Netzwerktechnik immer mehr an Bedeutung. Sie macht die unsichere und nicht immer voll funktionsf\u00e4hige Funkverbindung \u00fcberfl\u00fcssig. Lassen Sie sich deshalb eine Netzwerkverkabelung installieren, damit Sie mehr Komfort durch eine sichere und schnelle Daten\u00fcbertragung genie\u00dfen k\u00f6nnen. Es gibt bereits Entwicklungen, sodass \u00fcber das Netzwerk nicht nur Computerdaten im engeren [&hellip;]<\/p>\n","protected":false},"author":1,"featured_media":0,"parent":57,"menu_order":2,"comment_status":"closed","ping_status":"closed","template":"","meta":{"footnotes":""},"class_list":["post-149","page","type-page","status-publish","hentry"],"_links":{"self":[{"href":"https:\/\/wp.raisch-elektro.de\/index.php\/wp-json\/wp\/v2\/pages\/149","targetHints":{"allow":["GET"]}}],"collection":[{"href":"https:\/\/wp.raisch-elektro.de\/index.php\/wp-json\/wp\/v2\/pages"}],"about":[{"href":"https:\/\/wp.raisch-elektro.de\/index.php\/wp-json\/wp\/v2\/types\/page"}],"author":[{"embeddable":true,"href":"https:\/\/wp.raisch-elektro.de\/index.php\/wp-json\/wp\/v2\/users\/1"}],"replies":[{"embeddable":true,"href":"https:\/\/wp.raisch-elektro.de\/index.php\/wp-json\/wp\/v2\/comments?post=149"}],"version-history":[{"count":9,"href":"https:\/\/wp.raisch-elektro.de\/index.php\/wp-json\/wp\/v2\/pages\/149\/revisions"}],"predecessor-version":[{"id":615,"href":"https:\/\/wp.raisch-elektro.de\/index.php\/wp-json\/wp\/v2\/pages\/149\/revisions\/615"}],"up":[{"embeddable":true,"href":"https:\/\/wp.raisch-elektro.de\/index.php\/wp-json\/wp\/v2\/pages\/57"}],"wp:attachment":[{"href":"https:\/\/wp.raisch-elektro.de\/index.php\/wp-json\/wp\/v2\/media?parent=149"}],"curies":[{"name":"wp","href":"https:\/\/api.w.org\/{rel}","templated":true}]}}