{"id":161,"date":"2024-04-09T17:01:30","date_gmt":"2024-04-09T15:01:30","guid":{"rendered":"https:\/\/wp.raisch-elektro.de\/?page_id=161"},"modified":"2025-02-10T15:49:03","modified_gmt":"2025-02-10T14:49:03","slug":"sprechanlage","status":"publish","type":"page","link":"https:\/\/wp.raisch-elektro.de\/index.php\/willkommen\/kommunikationstechnik\/sprechanlage\/","title":{"rendered":"Sprechanlage"},"content":{"rendered":"\n\n\t\t\t\t<img loading=\"lazy\" decoding=\"async\" src=\"https:\/\/wp.raisch-elektro.de\/wp-content\/uploads\/2024\/04\/Sprechanlage.jpg\" alt=\"Sprechanlage\" itemprop=\"image\" height=\"198\" width=\"694\" title=\"Sprechanlage\" onerror=\"this.style.display='none'\"  \/>\n\t<blockquote>\n<h1>Sprechanlage<\/h1>\n<p>H\u00f6ren ist gut. Sehen ist sicherer. Besser als die Frage \u201eWer ist da?&#8220;, ist der eigene Blick.<\/p>\n<p>Sie haben die Wahl zwischen der klassischen Variante mit H\u00f6rer oder als Freisprechger\u00e4t, an der Wand oder auf dem Tisch, als Standardmodell oder mit Komfort-Funktionen, in Metall, Holz oder Lack.<\/p>\n<p>Eine Video\u00fcberwachung bedeutet gegen\u00fcber der herk\u00f6mmlichen Sprechanlage einen erheblichen Zugewinn an Sicherheit und Komfort. Die Video-Stationen schaffen Sichtverbindungen zur T\u00fcr. Die Modellauswahl und die Gestaltungsvielfalt sind ebenso gro\u00df, wie bei den Audio-Modellen.<\/p>\n<p>Au\u00dferdem kann auch das Telefon zur Sprechstelle der T\u00fcrkommunikation eingesetzt werden. Egal ob Festnetz, schnurlos oder Handy, T\u00fcr- und Telekommunikation kann verbunden werden.<\/p>\n<\/blockquote>\n\t<p><img loading=\"lazy\" decoding=\"async\" src=\"https:\/\/wp.raisch-elektro.de\/wp-content\/uploads\/2024\/04\/wpa6d31720_00-227x300.jpg\" alt=\"\" width=\"227\" height=\"300\" \/> <img loading=\"lazy\" decoding=\"async\" src=\"https:\/\/wp.raisch-elektro.de\/wp-content\/uploads\/2024\/04\/wpf219ab85_00-256x300.jpg\" alt=\"\" width=\"256\" height=\"300\" \/> <img loading=\"lazy\" decoding=\"async\" src=\"https:\/\/wp.raisch-elektro.de\/wp-content\/uploads\/2024\/04\/wp687dcfd8_00-267x300.jpg\" alt=\"\" width=\"267\" height=\"300\" \/> <img loading=\"lazy\" decoding=\"async\" src=\"https:\/\/wp.raisch-elektro.de\/wp-content\/uploads\/2024\/04\/wp2736a707_00-300x300.jpg\" alt=\"\" width=\"300\" height=\"300\" \/><\/p>\n\n","protected":false},"excerpt":{"rendered":"<p>Sprechanlage H\u00f6ren ist gut. Sehen ist sicherer. Besser als die Frage \u201eWer ist da?&#8220;, ist der eigene Blick. Sie haben die Wahl zwischen der klassischen Variante mit H\u00f6rer oder als Freisprechger\u00e4t, an der Wand oder auf dem Tisch, als Standardmodell oder mit Komfort-Funktionen, in Metall, Holz oder Lack. Eine Video\u00fcberwachung bedeutet gegen\u00fcber der herk\u00f6mmlichen Sprechanlage [&hellip;]<\/p>\n","protected":false},"author":1,"featured_media":0,"parent":57,"menu_order":4,"comment_status":"closed","ping_status":"closed","template":"","meta":{"footnotes":""},"class_list":["post-161","page","type-page","status-publish","hentry"],"_links":{"self":[{"href":"https:\/\/wp.raisch-elektro.de\/index.php\/wp-json\/wp\/v2\/pages\/161","targetHints":{"allow":["GET"]}}],"collection":[{"href":"https:\/\/wp.raisch-elektro.de\/index.php\/wp-json\/wp\/v2\/pages"}],"about":[{"href":"https:\/\/wp.raisch-elektro.de\/index.php\/wp-json\/wp\/v2\/types\/page"}],"author":[{"embeddable":true,"href":"https:\/\/wp.raisch-elektro.de\/index.php\/wp-json\/wp\/v2\/users\/1"}],"replies":[{"embeddable":true,"href":"https:\/\/wp.raisch-elektro.de\/index.php\/wp-json\/wp\/v2\/comments?post=161"}],"version-history":[{"count":6,"href":"https:\/\/wp.raisch-elektro.de\/index.php\/wp-json\/wp\/v2\/pages\/161\/revisions"}],"predecessor-version":[{"id":498,"href":"https:\/\/wp.raisch-elektro.de\/index.php\/wp-json\/wp\/v2\/pages\/161\/revisions\/498"}],"up":[{"embeddable":true,"href":"https:\/\/wp.raisch-elektro.de\/index.php\/wp-json\/wp\/v2\/pages\/57"}],"wp:attachment":[{"href":"https:\/\/wp.raisch-elektro.de\/index.php\/wp-json\/wp\/v2\/media?parent=161"}],"curies":[{"name":"wp","href":"https:\/\/api.w.org\/{rel}","templated":true}]}}