{"id":173,"date":"2024-04-09T17:11:34","date_gmt":"2024-04-09T15:11:34","guid":{"rendered":"https:\/\/wp.raisch-elektro.de\/?page_id=173"},"modified":"2026-03-30T17:01:42","modified_gmt":"2026-03-30T15:01:42","slug":"photovoltaik","status":"publish","type":"page","link":"https:\/\/wp.raisch-elektro.de\/index.php\/willkommen\/erneuerbare-energien\/photovoltaik\/","title":{"rendered":"Photovoltaik"},"content":{"rendered":"\n<figure itemscope itemtype=\"https:\/\/schema.org\/ImageObject\">\n\t\t\t\t<img decoding=\"async\" src=\"https:\/\/wp.raisch-elektro.de\/wp-content\/uploads\/2024\/04\/Photovoltaik.jpg\" alt=\"Photovoltaik\" height=\"198\" width=\"694\" title=\"Photovoltaik\" onerror=\"this.style.display='none'\" loading=\"lazy\" \/>\n\t<\/figure>\n\t<h3>Photovoltaikanlage \/ Solarstromanlage<\/h3>\n<p>Diese Anlage wandelt mit Hilfe von Solarzellen einen Teil der Sonnenstrahlen in elektrischen Strom um. Dieser kann direkt genutzt oder in das \u00f6ffentliche Stromnetz eingespeist werden.<\/p>\n<p>Vorteile:<\/p>\n<ul>\n<li><strong>Emissionen:<\/strong>\u00a0Beim Betrieb entstehen weder L\u00e4rm noch Abgase.<\/li>\n<li><strong>Lebensdauer:<\/strong>\u00a0Sehr hoch. F\u00fcr Solarmodule werden Garantiezeiten von 20 Jahren und mehr gew\u00e4hrt.<\/li>\n<li><strong>Umwelt:<\/strong>\u00a0Der Betrieb sowie die Entsorgung sind \u00f6kologisch vollkommen unproblematisch.<\/li>\n<\/ul>\n<p>Au\u00dferdem gibt es eine Reihe von F\u00f6rderprogrammen f\u00fcr Photovoltaikanlagen, die unterschiedlich miteinander kombiniert werden k\u00f6nnen.<\/p>\n<figure itemscope itemtype=\"https:\/\/schema.org\/ImageObject\">\n\t\t\t\t<img decoding=\"async\" src=\"https:\/\/wp.raisch-elektro.de\/wp-content\/plugins\/beaver-builder-lite-version\/img\/pixel.png\" alt=\"\" onerror=\"this.style.display='none'\" loading=\"lazy\" \/>\n\t<\/figure>\n\n","protected":false},"excerpt":{"rendered":"<p>Photovoltaikanlage \/ Solarstromanlage Diese Anlage wandelt mit Hilfe von Solarzellen einen Teil der Sonnenstrahlen in elektrischen Strom um. Dieser kann direkt genutzt oder in das \u00f6ffentliche Stromnetz eingespeist werden. Vorteile: Emissionen:\u00a0Beim Betrieb entstehen weder L\u00e4rm noch Abgase. Lebensdauer:\u00a0Sehr hoch. F\u00fcr Solarmodule werden Garantiezeiten von 20 Jahren und mehr gew\u00e4hrt. Umwelt:\u00a0Der Betrieb sowie die Entsorgung sind [&hellip;]<\/p>\n","protected":false},"author":1,"featured_media":0,"parent":67,"menu_order":1,"comment_status":"closed","ping_status":"closed","template":"","meta":{"footnotes":""},"class_list":["post-173","page","type-page","status-publish","hentry"],"_links":{"self":[{"href":"https:\/\/wp.raisch-elektro.de\/index.php\/wp-json\/wp\/v2\/pages\/173","targetHints":{"allow":["GET"]}}],"collection":[{"href":"https:\/\/wp.raisch-elektro.de\/index.php\/wp-json\/wp\/v2\/pages"}],"about":[{"href":"https:\/\/wp.raisch-elektro.de\/index.php\/wp-json\/wp\/v2\/types\/page"}],"author":[{"embeddable":true,"href":"https:\/\/wp.raisch-elektro.de\/index.php\/wp-json\/wp\/v2\/users\/1"}],"replies":[{"embeddable":true,"href":"https:\/\/wp.raisch-elektro.de\/index.php\/wp-json\/wp\/v2\/comments?post=173"}],"version-history":[{"count":10,"href":"https:\/\/wp.raisch-elektro.de\/index.php\/wp-json\/wp\/v2\/pages\/173\/revisions"}],"predecessor-version":[{"id":618,"href":"https:\/\/wp.raisch-elektro.de\/index.php\/wp-json\/wp\/v2\/pages\/173\/revisions\/618"}],"up":[{"embeddable":true,"href":"https:\/\/wp.raisch-elektro.de\/index.php\/wp-json\/wp\/v2\/pages\/67"}],"wp:attachment":[{"href":"https:\/\/wp.raisch-elektro.de\/index.php\/wp-json\/wp\/v2\/media?parent=173"}],"curies":[{"name":"wp","href":"https:\/\/api.w.org\/{rel}","templated":true}]}}