{"id":183,"date":"2024-04-09T17:34:05","date_gmt":"2024-04-09T15:34:05","guid":{"rendered":"https:\/\/wp.raisch-elektro.de\/?page_id=183"},"modified":"2025-02-10T15:55:46","modified_gmt":"2025-02-10T14:55:46","slug":"erdwaerme","status":"publish","type":"page","link":"https:\/\/wp.raisch-elektro.de\/index.php\/willkommen\/erneuerbare-energien\/erdwaerme\/","title":{"rendered":"Erdw\u00e4rme"},"content":{"rendered":"\n\n\t\t\t\t<img loading=\"lazy\" decoding=\"async\" src=\"https:\/\/wp.raisch-elektro.de\/wp-content\/uploads\/2024\/04\/Erdwaerme.jpg\" alt=\"Erdwaerme\" itemprop=\"image\" height=\"198\" width=\"694\" title=\"Erdwaerme\" onerror=\"this.style.display='none'\"  \/>\n\t<blockquote>\n<h1>Erdw\u00e4rmepumpe<\/h1>\n<p>Diese Pumpen nutzen die Energie des Erdreichs. Das Erdreich ist reich an W\u00e4rmeenergie, da sich W\u00e4rme in der Erde sehr gut h\u00e4lt. Diese W\u00e4rme wird dem Erdreich entzogen und durch eine Pumpe dem Heizungssystem zugef\u00fchrt.<\/p>\n<p>Vorteile:<\/p>\n<ul>\n<li><strong>Ressourcen:<\/strong>\u00a0Erdw\u00e4rme ist eine stetig regenerierbare Energiequelle.<\/li>\n<li><strong>Platzbedarf:<\/strong>\u00a0Sehr gering, da kein zus\u00e4tzlicher Raum n\u00f6tig ist.<\/li>\n<li>Absolut\u00a0gefahrlos<\/li>\n<li><strong>Kosten:<\/strong>\u00a0Relativ geringe Kosten f\u00fcr den vollautomatischen Betrieb.<\/li>\n<li><strong>Umweltfreundlich<\/strong>e W\u00e4rme<\/li>\n<\/ul>\n<\/blockquote>\n\t\t\t\t<img decoding=\"async\" src=\"https:\/\/wp.raisch-elektro.de\/wp-content\/plugins\/beaver-builder-lite-version\/img\/pixel.png\" alt=\"\" itemprop=\"image\" onerror=\"this.style.display='none'\"  \/>\n\n","protected":false},"excerpt":{"rendered":"<p>Erdw\u00e4rmepumpe Diese Pumpen nutzen die Energie des Erdreichs. Das Erdreich ist reich an W\u00e4rmeenergie, da sich W\u00e4rme in der Erde sehr gut h\u00e4lt. Diese W\u00e4rme wird dem Erdreich entzogen und durch eine Pumpe dem Heizungssystem zugef\u00fchrt. Vorteile: Ressourcen:\u00a0Erdw\u00e4rme ist eine stetig regenerierbare Energiequelle. Platzbedarf:\u00a0Sehr gering, da kein zus\u00e4tzlicher Raum n\u00f6tig ist. Absolut\u00a0gefahrlos Kosten:\u00a0Relativ geringe Kosten [&hellip;]<\/p>\n","protected":false},"author":1,"featured_media":0,"parent":67,"menu_order":3,"comment_status":"closed","ping_status":"closed","template":"","meta":{"footnotes":""},"class_list":["post-183","page","type-page","status-publish","hentry"],"_links":{"self":[{"href":"https:\/\/wp.raisch-elektro.de\/index.php\/wp-json\/wp\/v2\/pages\/183","targetHints":{"allow":["GET"]}}],"collection":[{"href":"https:\/\/wp.raisch-elektro.de\/index.php\/wp-json\/wp\/v2\/pages"}],"about":[{"href":"https:\/\/wp.raisch-elektro.de\/index.php\/wp-json\/wp\/v2\/types\/page"}],"author":[{"embeddable":true,"href":"https:\/\/wp.raisch-elektro.de\/index.php\/wp-json\/wp\/v2\/users\/1"}],"replies":[{"embeddable":true,"href":"https:\/\/wp.raisch-elektro.de\/index.php\/wp-json\/wp\/v2\/comments?post=183"}],"version-history":[{"count":6,"href":"https:\/\/wp.raisch-elektro.de\/index.php\/wp-json\/wp\/v2\/pages\/183\/revisions"}],"predecessor-version":[{"id":504,"href":"https:\/\/wp.raisch-elektro.de\/index.php\/wp-json\/wp\/v2\/pages\/183\/revisions\/504"}],"up":[{"embeddable":true,"href":"https:\/\/wp.raisch-elektro.de\/index.php\/wp-json\/wp\/v2\/pages\/67"}],"wp:attachment":[{"href":"https:\/\/wp.raisch-elektro.de\/index.php\/wp-json\/wp\/v2\/media?parent=183"}],"curies":[{"name":"wp","href":"https:\/\/api.w.org\/{rel}","templated":true}]}}