{"id":191,"date":"2024-04-09T17:38:29","date_gmt":"2024-04-09T15:38:29","guid":{"rendered":"https:\/\/wp.raisch-elektro.de\/?page_id=191"},"modified":"2026-03-30T17:02:14","modified_gmt":"2026-03-30T15:02:14","slug":"brandmelder-2","status":"publish","type":"page","link":"https:\/\/wp.raisch-elektro.de\/index.php\/willkommen\/sicherheit\/brandmelder-2\/","title":{"rendered":"Brandmelder"},"content":{"rendered":"\n<figure itemscope itemtype=\"https:\/\/schema.org\/ImageObject\">\n\t\t\t\t<img decoding=\"async\" src=\"https:\/\/wp.raisch-elektro.de\/wp-content\/uploads\/2024\/04\/Brandmelder.jpg\" alt=\"Brandmelder\" title=\"Brandmelder\" onerror=\"this.style.display='none'\" loading=\"lazy\" \/>\n\t<\/figure>\n\t<h1>Brand- bzw. Rauchmelder<\/h1>\n<p>Rund 600 Menschen sterben j\u00e4hrlich in Deutschland an Br\u00e4nden. Die Mehrheit davon in Privathaushalten. Die meisten Brandopfer verungl\u00fccken nachts, da tags\u00fcber ein Brandherd meist schneller entdeckt und gel\u00f6scht werden kann. Nachts dagegen schl\u00e4ft auch der Geruchssinn, sodass die Opfer im Schlaf \u00fcberrascht werden.<\/p>\n<p>Gef\u00e4hrlich ist dabei nicht so sehr das Feuer, sondern der Rauch. 95% der Brandtoten sterben an den Folgen einer Rauchvergiftung. Rauchmelder haben sich deshalb als vorbeugender Brandschutz gew\u00e4hrt. Der laute Alarm des Rauchmelders warnt Sie im Schlaf rechtzeitig vor der Gefahr und verschafft Ihnen die n\u00f6tige Zeit, um sich und Ihre Familie in Sicherheit zu bringen.<\/p>\n<figure itemscope itemtype=\"https:\/\/schema.org\/ImageObject\">\n\t\t\t\t<img decoding=\"async\" src=\"https:\/\/wp.raisch-elektro.de\/wp-content\/uploads\/2024\/04\/collage_brandmelder-150x150.jpg\" alt=\"collage_brandmelder\" height=\"150\" width=\"150\" title=\"collage_brandmelder\" onerror=\"this.style.display='none'\" loading=\"lazy\" \/>\n\t<\/figure>\n\n","protected":false},"excerpt":{"rendered":"<p>Brand- bzw. Rauchmelder Rund 600 Menschen sterben j\u00e4hrlich in Deutschland an Br\u00e4nden. Die Mehrheit davon in Privathaushalten. Die meisten Brandopfer verungl\u00fccken nachts, da tags\u00fcber ein Brandherd meist schneller entdeckt und gel\u00f6scht werden kann. Nachts dagegen schl\u00e4ft auch der Geruchssinn, sodass die Opfer im Schlaf \u00fcberrascht werden. Gef\u00e4hrlich ist dabei nicht so sehr das Feuer, sondern [&hellip;]<\/p>\n","protected":false},"author":1,"featured_media":0,"parent":88,"menu_order":1,"comment_status":"closed","ping_status":"closed","template":"","meta":{"footnotes":""},"class_list":["post-191","page","type-page","status-publish","hentry"],"_links":{"self":[{"href":"https:\/\/wp.raisch-elektro.de\/index.php\/wp-json\/wp\/v2\/pages\/191","targetHints":{"allow":["GET"]}}],"collection":[{"href":"https:\/\/wp.raisch-elektro.de\/index.php\/wp-json\/wp\/v2\/pages"}],"about":[{"href":"https:\/\/wp.raisch-elektro.de\/index.php\/wp-json\/wp\/v2\/types\/page"}],"author":[{"embeddable":true,"href":"https:\/\/wp.raisch-elektro.de\/index.php\/wp-json\/wp\/v2\/users\/1"}],"replies":[{"embeddable":true,"href":"https:\/\/wp.raisch-elektro.de\/index.php\/wp-json\/wp\/v2\/comments?post=191"}],"version-history":[{"count":9,"href":"https:\/\/wp.raisch-elektro.de\/index.php\/wp-json\/wp\/v2\/pages\/191\/revisions"}],"predecessor-version":[{"id":620,"href":"https:\/\/wp.raisch-elektro.de\/index.php\/wp-json\/wp\/v2\/pages\/191\/revisions\/620"}],"up":[{"embeddable":true,"href":"https:\/\/wp.raisch-elektro.de\/index.php\/wp-json\/wp\/v2\/pages\/88"}],"wp:attachment":[{"href":"https:\/\/wp.raisch-elektro.de\/index.php\/wp-json\/wp\/v2\/media?parent=191"}],"curies":[{"name":"wp","href":"https:\/\/api.w.org\/{rel}","templated":true}]}}