{"id":194,"date":"2024-04-09T17:40:31","date_gmt":"2024-04-09T15:40:31","guid":{"rendered":"https:\/\/wp.raisch-elektro.de\/?page_id=194"},"modified":"2026-03-30T17:02:46","modified_gmt":"2026-03-30T15:02:46","slug":"staubsaugeranlagen","status":"publish","type":"page","link":"https:\/\/wp.raisch-elektro.de\/index.php\/willkommen\/anlagen\/staubsaugeranlagen\/","title":{"rendered":"Staubsaugeranlagen"},"content":{"rendered":"\n<figure itemscope itemtype=\"https:\/\/schema.org\/ImageObject\">\n\t\t\t\t<img decoding=\"async\" src=\"https:\/\/wp.raisch-elektro.de\/wp-content\/uploads\/2024\/04\/Staubsaugeranlage.jpg\" alt=\"Staubsaugeranlage\" height=\"198\" width=\"694\" title=\"Staubsaugeranlage\" onerror=\"this.style.display='none'\" loading=\"lazy\" \/>\n\t<\/figure>\n<h1>Staubsaugeranlagen<\/h1>\n<p>In einem Nebenraum oder in der Garage befindet sich ein Saugmotor, von dem aus eine Rohrleitung in die verschiedenen R\u00e4ume zu Saugsteckdosen f\u00fchrt.<\/p>\n<p><img loading=\"lazy\" decoding=\"async\" src=\"https:\/\/wp.raisch-elektro.de\/wp-content\/uploads\/2024\/04\/Anlage-300x213.png\" alt=\"\" width=\"220\" height=\"156\" \/><\/p>\n\n<p>Vorteile:<\/p>\n<ul>\n<li><strong>Saubere Luft:<\/strong>\u00a0Die Staubsaugeranlage bl\u00e4st die Abluft ins Freie.<\/li>\n<li><strong>Bequem und schnell:<\/strong>\u00a0Das l\u00e4stige Herumschleppen des Staubsaugers entf\u00e4llt.<\/li>\n<li><strong>Leistungsf\u00e4higer<\/strong><\/li>\n<li><strong>Leiser<\/strong><\/li>\n<li><strong>Schonender:<\/strong>\u00a0Verschrammte und zerkratzte M\u00f6bel und Fu\u00dfb\u00f6den geh\u00f6ren der Vergangenheit an.<\/li>\n<\/ul>\n\n","protected":false},"excerpt":{"rendered":"<p>Staubsaugeranlagen In einem Nebenraum oder in der Garage befindet sich ein Saugmotor, von dem aus eine Rohrleitung in die verschiedenen R\u00e4ume zu Saugsteckdosen f\u00fchrt. Vorteile: Saubere Luft:\u00a0Die Staubsaugeranlage bl\u00e4st die Abluft ins Freie. Bequem und schnell:\u00a0Das l\u00e4stige Herumschleppen des Staubsaugers entf\u00e4llt. Leistungsf\u00e4higer Leiser Schonender:\u00a0Verschrammte und zerkratzte M\u00f6bel und Fu\u00dfb\u00f6den geh\u00f6ren der Vergangenheit an.<\/p>\n","protected":false},"author":1,"featured_media":0,"parent":93,"menu_order":1,"comment_status":"closed","ping_status":"closed","template":"","meta":{"footnotes":""},"class_list":["post-194","page","type-page","status-publish","hentry"],"_links":{"self":[{"href":"https:\/\/wp.raisch-elektro.de\/index.php\/wp-json\/wp\/v2\/pages\/194","targetHints":{"allow":["GET"]}}],"collection":[{"href":"https:\/\/wp.raisch-elektro.de\/index.php\/wp-json\/wp\/v2\/pages"}],"about":[{"href":"https:\/\/wp.raisch-elektro.de\/index.php\/wp-json\/wp\/v2\/types\/page"}],"author":[{"embeddable":true,"href":"https:\/\/wp.raisch-elektro.de\/index.php\/wp-json\/wp\/v2\/users\/1"}],"replies":[{"embeddable":true,"href":"https:\/\/wp.raisch-elektro.de\/index.php\/wp-json\/wp\/v2\/comments?post=194"}],"version-history":[{"count":9,"href":"https:\/\/wp.raisch-elektro.de\/index.php\/wp-json\/wp\/v2\/pages\/194\/revisions"}],"predecessor-version":[{"id":622,"href":"https:\/\/wp.raisch-elektro.de\/index.php\/wp-json\/wp\/v2\/pages\/194\/revisions\/622"}],"up":[{"embeddable":true,"href":"https:\/\/wp.raisch-elektro.de\/index.php\/wp-json\/wp\/v2\/pages\/93"}],"wp:attachment":[{"href":"https:\/\/wp.raisch-elektro.de\/index.php\/wp-json\/wp\/v2\/media?parent=194"}],"curies":[{"name":"wp","href":"https:\/\/api.w.org\/{rel}","templated":true}]}}