{"id":52,"date":"2024-04-08T19:14:50","date_gmt":"2024-04-08T17:14:50","guid":{"rendered":"https:\/\/wp.raisch-elektro.de\/?page_id=52"},"modified":"2026-03-30T17:00:05","modified_gmt":"2026-03-30T15:00:05","slug":"beleuchtungstechnik","status":"publish","type":"page","link":"https:\/\/wp.raisch-elektro.de\/index.php\/willkommen\/beleuchtungstechnik\/","title":{"rendered":"Beleuchtungstechnik"},"content":{"rendered":"\n<figure itemscope itemtype=\"https:\/\/schema.org\/ImageObject\">\n\t\t\t\t<img decoding=\"async\" src=\"https:\/\/wp.raisch-elektro.de\/wp-content\/uploads\/2024\/04\/Beleuchtungstechnik.jpg\" alt=\"Beleuchtungstechnik\" height=\"198\" width=\"694\" title=\"Beleuchtungstechnik\" onerror=\"this.style.display='none'\" loading=\"lazy\" \/>\n\t<\/figure>\n\t<h1>Beleuchtungstechnik<\/h1>\n<p>Die Beleuchtung eines Wohnraumes ist prim\u00e4r dazu gedacht, gute Sehbedingungen zu schaffen. Daneben beeinflusst sie je nach Qualit\u00e4t das psychische und physische Wohlbefinden des Menschen. Viel Licht stellt noch keine \u201egute&#8220; Beleuchtung dar. Diese zeichnet aus, dass sie auf den jeweiligen Wohnraum und seine Verwendung abgestimmt ist.<\/p>\n<p>Die M\u00f6glichkeiten der Lichtgestaltung sind heutzutage sehr vielf\u00e4ltig. F\u00fcr jede Beleuchtungsaufgabe gibt es die richtige Lichtquelle, sodass Ihr Innen- und Au\u00dfenbereich bedarfsgerecht, effizient und komfortabel beleuchtet ist. Auch verf\u00fcgen wir \u00fcber ein Programm, welches es uns erm\u00f6glicht, Ihre R\u00e4ume optimal auszuleuchten und ein individuelles Beleuchtungskonzept f\u00fcr Sie zu erarbeiten. Dies gilt sowohl f\u00fcr Privathaushalte, Gewerbebetriebe, Werbeanlagen als auch f\u00fcr die Industrie.<\/p>\n<p>Auch in diesem Bereich gibt es nicht nur die M\u00f6glichkeit eines Standard-Lichtschalters, sondern auch moderne Dinge, wie die bewegungsgesteuerte Beleuchtung oder eine zentrale Steuerung des Lichts im Innen- und Au\u00dfenbereich.<\/p>\n\n","protected":false},"excerpt":{"rendered":"<p>Beleuchtungstechnik Die Beleuchtung eines Wohnraumes ist prim\u00e4r dazu gedacht, gute Sehbedingungen zu schaffen. Daneben beeinflusst sie je nach Qualit\u00e4t das psychische und physische Wohlbefinden des Menschen. Viel Licht stellt noch keine \u201egute&#8220; Beleuchtung dar. Diese zeichnet aus, dass sie auf den jeweiligen Wohnraum und seine Verwendung abgestimmt ist. Die M\u00f6glichkeiten der Lichtgestaltung sind heutzutage sehr [&hellip;]<\/p>\n","protected":false},"author":1,"featured_media":0,"parent":2,"menu_order":3,"comment_status":"closed","ping_status":"closed","template":"","meta":{"footnotes":""},"class_list":["post-52","page","type-page","status-publish","hentry"],"_links":{"self":[{"href":"https:\/\/wp.raisch-elektro.de\/index.php\/wp-json\/wp\/v2\/pages\/52","targetHints":{"allow":["GET"]}}],"collection":[{"href":"https:\/\/wp.raisch-elektro.de\/index.php\/wp-json\/wp\/v2\/pages"}],"about":[{"href":"https:\/\/wp.raisch-elektro.de\/index.php\/wp-json\/wp\/v2\/types\/page"}],"author":[{"embeddable":true,"href":"https:\/\/wp.raisch-elektro.de\/index.php\/wp-json\/wp\/v2\/users\/1"}],"replies":[{"embeddable":true,"href":"https:\/\/wp.raisch-elektro.de\/index.php\/wp-json\/wp\/v2\/comments?post=52"}],"version-history":[{"count":12,"href":"https:\/\/wp.raisch-elektro.de\/index.php\/wp-json\/wp\/v2\/pages\/52\/revisions"}],"predecessor-version":[{"id":612,"href":"https:\/\/wp.raisch-elektro.de\/index.php\/wp-json\/wp\/v2\/pages\/52\/revisions\/612"}],"up":[{"embeddable":true,"href":"https:\/\/wp.raisch-elektro.de\/index.php\/wp-json\/wp\/v2\/pages\/2"}],"wp:attachment":[{"href":"https:\/\/wp.raisch-elektro.de\/index.php\/wp-json\/wp\/v2\/media?parent=52"}],"curies":[{"name":"wp","href":"https:\/\/api.w.org\/{rel}","templated":true}]}}