{"id":93,"date":"2024-04-08T20:04:53","date_gmt":"2024-04-08T18:04:53","guid":{"rendered":"https:\/\/wp.raisch-elektro.de\/?page_id=93"},"modified":"2026-03-30T17:02:28","modified_gmt":"2026-03-30T15:02:28","slug":"anlagen","status":"publish","type":"page","link":"https:\/\/wp.raisch-elektro.de\/index.php\/willkommen\/anlagen\/","title":{"rendered":"Anlagen"},"content":{"rendered":"\n<figure itemscope itemtype=\"https:\/\/schema.org\/ImageObject\">\n\t\t\t\t<img decoding=\"async\" src=\"https:\/\/wp.raisch-elektro.de\/wp-content\/uploads\/2024\/04\/Anlagen.jpg\" alt=\"Anlagen\" height=\"198\" width=\"694\" title=\"Anlagen\" onerror=\"this.style.display='none'\" loading=\"lazy\" \/>\n\t<\/figure>\n\t<blockquote>\n<h1>Anlagen<\/h1>\n<p>Es gibt verschiedene moderne Anlagen, die Ihren individuellen Bed\u00fcrfnissen entgegenkommen und ein hohes Ma\u00df an Bequemlichkeit, Flexibilit\u00e4t und Komfort bieten.<\/p>\n<\/blockquote>\n<figure itemscope itemtype=\"https:\/\/schema.org\/ImageObject\">\n\t\t\t\t<img decoding=\"async\" src=\"https:\/\/wp.raisch-elektro.de\/wp-content\/plugins\/beaver-builder-lite-version\/img\/pixel.png\" alt=\"\" onerror=\"this.style.display='none'\" loading=\"lazy\" \/>\n\t<\/figure>\n\n","protected":false},"excerpt":{"rendered":"<p>Anlagen Es gibt verschiedene moderne Anlagen, die Ihren individuellen Bed\u00fcrfnissen entgegenkommen und ein hohes Ma\u00df an Bequemlichkeit, Flexibilit\u00e4t und Komfort bieten.<\/p>\n","protected":false},"author":1,"featured_media":0,"parent":2,"menu_order":7,"comment_status":"closed","ping_status":"closed","template":"","meta":{"footnotes":""},"class_list":["post-93","page","type-page","status-publish","hentry"],"_links":{"self":[{"href":"https:\/\/wp.raisch-elektro.de\/index.php\/wp-json\/wp\/v2\/pages\/93","targetHints":{"allow":["GET"]}}],"collection":[{"href":"https:\/\/wp.raisch-elektro.de\/index.php\/wp-json\/wp\/v2\/pages"}],"about":[{"href":"https:\/\/wp.raisch-elektro.de\/index.php\/wp-json\/wp\/v2\/types\/page"}],"author":[{"embeddable":true,"href":"https:\/\/wp.raisch-elektro.de\/index.php\/wp-json\/wp\/v2\/users\/1"}],"replies":[{"embeddable":true,"href":"https:\/\/wp.raisch-elektro.de\/index.php\/wp-json\/wp\/v2\/comments?post=93"}],"version-history":[{"count":9,"href":"https:\/\/wp.raisch-elektro.de\/index.php\/wp-json\/wp\/v2\/pages\/93\/revisions"}],"predecessor-version":[{"id":621,"href":"https:\/\/wp.raisch-elektro.de\/index.php\/wp-json\/wp\/v2\/pages\/93\/revisions\/621"}],"up":[{"embeddable":true,"href":"https:\/\/wp.raisch-elektro.de\/index.php\/wp-json\/wp\/v2\/pages\/2"}],"wp:attachment":[{"href":"https:\/\/wp.raisch-elektro.de\/index.php\/wp-json\/wp\/v2\/media?parent=93"}],"curies":[{"name":"wp","href":"https:\/\/api.w.org\/{rel}","templated":true}]}}